{"id":86753,"date":"2024-06-02T19:59:19","date_gmt":"2024-06-02T19:59:19","guid":{"rendered":"https:\/\/kiddsty.com\/product\/maxi-cosi-toucan-torntool-3in1\/"},"modified":"2026-02-05T09:24:18","modified_gmt":"2026-02-05T09:24:18","slug":"maxi-cosi-toucan-3in1-learning-tower","status":"publish","type":"product","link":"https:\/\/kiddsty.com\/en\/product\/maxi-cosi-toucan-3in1-learning-tower\/","title":{"rendered":"Maxi-Cosi Toucan 3in1 Learning Tower"},"content":{"rendered":"<ul>\n<li class=\"features__list-item\">straightforward assembly: Assembling Toucan is simple and straightforward, and all you need is the included Allen key<\/li>\n<li class=\"features__list-item\">easy switching between modes: Switching from the tower to table and chair set is as easy as rotating it on its side. To use it as a stool, simply remove the top part of the tower<\/li>\n<li>adjustable height: With three different heights, Toucan is suitable for a range of different activities and ages<\/li>\n<li>built to last: Designed for durability, Toucan&#8217;s protective, chemical-free varnish makes it water-resistant and easy to clean, ideal for all those messy activities<\/li>\n<li>inspired by Montessori principles: Developed in accordance with Montessori principles, emphasising your child\u2019s participation in family activities<\/li>\n<li>switching between modes is simple; a quick rotation transforms Toucan from a learning tower to a table and chair set. Once your toddler has outgrown the learning tower, you can detach it to transform it into a wooden stepping stool<\/li>\n<li>the adjustable height ensures your child can always reach the countertop safely and comfortably, while the integrated blackboard provides a creative outlet for your child<\/li>\n<li>meeting the highest European standards, Toucan provides best-in-class safety and stability<\/li>\n<li>made in Europe from sustainable FSC 100% certified wood, its intelligent design optimises wood usage and minimises waste throughout production<\/li>\n<li>as learning tower 8,7 kg, dimensions 46 x 91 x 43,4 cm (length, height, width)<\/li>\n<li>stepstool: 5,7 kg<\/li>\n<li>product weight\u200b\u200b: 8,7 kg<\/li>\n<li>suitable for use by children from 18 months to 6 years of age<\/li>\n<li>weight of child: 10 &#8211; 150 kg.<\/li>\n<\/ul>\n<p><iframe loading=\"lazy\" title=\"How to use your Maxi-Cosi Toucan 3-in-1 learning tower\" width=\"500\" height=\"281\" src=\"https:\/\/www.youtube.com\/embed\/HJomwgLHJTc?feature=oembed&#038;enablejsapi=1&#038;origin=https:\/\/kiddsty.com\" frameborder=\"0\" allow=\"accelerometer; autoplay; clipboard-write; encrypted-media; gyroscope; picture-in-picture; web-share\" referrerpolicy=\"strict-origin-when-cross-origin\" allowfullscreen><\/iframe><\/p>\n","protected":false},"excerpt":{"rendered":"<h4>Let your child\u2019s independence soar with the Maxi-Cosi Toucan, a 3-in-1 learning tower inspired by Montessori principles that empowers your little one to learn through exploration. From kitchen helper to aspiring artist, Toucan&#8217;s 3-in-1 design opens a world of possibilities for your little one. Join the kitchen fun in learning tower mode, unleash their creativity on the integrated blackboard in table and chair mode, and watch them reach for new heights with the stepping stool option.<\/h4>","protected":false},"featured_media":86762,"template":"","meta":{"_acf_changed":false,"inline_featured_image":false},"product_brand":[],"product_cat":[2603,491],"product_tag":[1321,1320],"extra_categories":[],"brand":[734],"age":[],"class_list":{"0":"post-86753","1":"product","2":"type-product","3":"status-publish","4":"has-post-thumbnail","6":"product_cat-torntoolid","7":"product_cat-soogiaeg","8":"product_tag-astmepink-kooki","9":"product_tag-torntool","10":"brand-maxi-cosi","12":"first","13":"instock","14":"taxable","15":"shipping-taxable","16":"purchasable","17":"product-type-simple","18":"add-to-wishlist-before_image"},"acf":[],"yoast_head":"<!-- This site is optimized with the Yoast SEO plugin v27.1.1 - https:\/\/yoast.com\/product\/yoast-seo-wordpress\/ -->\n<title>Maxi-Cosi Toucan 3in1 Learning Tower - Kiddsty<\/title>\n<meta name=\"description\" content=\"Laske oma lapse iseseisvusel lennata koos Maxi-Cosi Toucaniga, Montessori p\u00f5him\u00f5tetest inspireeritud 3-\u00fches torntooliga, mis annab sinu lapsele v\u00f5imaluse \u00f5ppida avastamise kaudu. Alates k\u00f6\u00f6giabilisest kuni tulevase kunstnikuni \u2013 Toucan&#039;i 3-\u00fches disain avab sinu lapsele l\u00f5putud v\u00f5imalused. Liituge k\u00f6\u00f6gir\u00f5\u00f5mudega torntooli n\u00e4ol, laske nende loovusel lennata integreeritud tahvlil laua ja tooli re\u017eiimis ning vaadake, kuidas nad uute k\u00f5rgusteni j\u00f5uavad astmelaua funktsioonis.\" \/>\n<meta name=\"robots\" content=\"index, follow, max-snippet:-1, max-image-preview:large, max-video-preview:-1\" \/>\n<link rel=\"canonical\" href=\"https:\/\/kiddsty.com\/product\/maxi-cosi-toucan-torntool-3in1\/\" \/>\n<meta property=\"og:locale\" content=\"en_US\" \/>\n<meta property=\"og:type\" content=\"article\" \/>\n<meta property=\"og:title\" content=\"Maxi-Cosi Toucan 3in1 Learning Tower - Kiddsty\" \/>\n<meta property=\"og:description\" content=\"Laske oma lapse iseseisvusel lennata koos Maxi-Cosi Toucaniga, Montessori p\u00f5him\u00f5tetest inspireeritud 3-\u00fches torntooliga, mis annab sinu lapsele v\u00f5imaluse \u00f5ppida avastamise kaudu. Alates k\u00f6\u00f6giabilisest kuni tulevase kunstnikuni \u2013 Toucan&#039;i 3-\u00fches disain avab sinu lapsele l\u00f5putud v\u00f5imalused. Liituge k\u00f6\u00f6gir\u00f5\u00f5mudega torntooli n\u00e4ol, laske nende loovusel lennata integreeritud tahvlil laua ja tooli re\u017eiimis ning vaadake, kuidas nad uute k\u00f5rgusteni j\u00f5uavad astmelaua funktsioonis.\" \/>\n<meta property=\"og:url\" content=\"https:\/\/kiddsty.com\/product\/maxi-cosi-toucan-torntool-3in1\/\" \/>\n<meta property=\"og:site_name\" content=\"Kiddsty\" \/>\n<meta property=\"article:publisher\" content=\"https:\/\/www.facebook.com\/Kiddstyforkids\" \/>\n<meta property=\"article:modified_time\" content=\"2026-02-05T09:24:18+00:00\" \/>\n<meta property=\"og:image\" content=\"https:\/\/kiddsty.com\/wp-content\/uploads\/2024\/06\/maxi-cosi_toucan_torntool_3in1_9_-1.jpg\" \/>\n\t<meta property=\"og:image:width\" content=\"800\" \/>\n\t<meta property=\"og:image:height\" content=\"819\" \/>\n\t<meta property=\"og:image:type\" content=\"image\/jpeg\" \/>\n<meta name=\"twitter:card\" content=\"summary_large_image\" \/>\n<meta name=\"twitter:label1\" content=\"Est. reading time\" \/>\n\t<meta name=\"twitter:data1\" content=\"2 minutes\" \/>\n<script type=\"application\/ld+json\" class=\"yoast-schema-graph\">{\"@context\":\"https:\/\/schema.org\",\"@graph\":[{\"@type\":\"WebPage\",\"@id\":\"https:\/\/kiddsty.com\/product\/maxi-cosi-toucan-torntool-3in1\/\",\"url\":\"https:\/\/kiddsty.com\/product\/maxi-cosi-toucan-torntool-3in1\/\",\"name\":\"Maxi-Cosi Toucan 3in1 Learning Tower - Kiddsty\",\"isPartOf\":{\"@id\":\"https:\/\/kiddsty.com\/#website\"},\"primaryImageOfPage\":{\"@id\":\"https:\/\/kiddsty.com\/product\/maxi-cosi-toucan-torntool-3in1\/#primaryimage\"},\"image\":{\"@id\":\"https:\/\/kiddsty.com\/product\/maxi-cosi-toucan-torntool-3in1\/#primaryimage\"},\"thumbnailUrl\":\"https:\/\/kiddsty.com\/wp-content\/uploads\/2024\/06\/maxi-cosi_toucan_torntool_3in1_9_-1.jpg\",\"datePublished\":\"2024-06-02T19:59:19+00:00\",\"dateModified\":\"2026-02-05T09:24:18+00:00\",\"description\":\"Laske oma lapse iseseisvusel lennata koos Maxi-Cosi Toucaniga, Montessori p\u00f5him\u00f5tetest inspireeritud 3-\u00fches torntooliga, mis annab sinu lapsele v\u00f5imaluse \u00f5ppida avastamise kaudu. Alates k\u00f6\u00f6giabilisest kuni tulevase kunstnikuni \u2013 Toucan'i 3-\u00fches disain avab sinu lapsele l\u00f5putud v\u00f5imalused. Liituge k\u00f6\u00f6gir\u00f5\u00f5mudega torntooli n\u00e4ol, laske nende loovusel lennata integreeritud tahvlil laua ja tooli re\u017eiimis ning vaadake, kuidas nad uute k\u00f5rgusteni j\u00f5uavad astmelaua funktsioonis.\",\"breadcrumb\":{\"@id\":\"https:\/\/kiddsty.com\/product\/maxi-cosi-toucan-torntool-3in1\/#breadcrumb\"},\"inLanguage\":\"en-US\",\"potentialAction\":[{\"@type\":\"ReadAction\",\"target\":[\"https:\/\/kiddsty.com\/product\/maxi-cosi-toucan-torntool-3in1\/\"]}]},{\"@type\":\"ImageObject\",\"inLanguage\":\"en-US\",\"@id\":\"https:\/\/kiddsty.com\/product\/maxi-cosi-toucan-torntool-3in1\/#primaryimage\",\"url\":\"https:\/\/kiddsty.com\/wp-content\/uploads\/2024\/06\/maxi-cosi_toucan_torntool_3in1_9_-1.jpg\",\"contentUrl\":\"https:\/\/kiddsty.com\/wp-content\/uploads\/2024\/06\/maxi-cosi_toucan_torntool_3in1_9_-1.jpg\",\"width\":800,\"height\":819},{\"@type\":\"BreadcrumbList\",\"@id\":\"https:\/\/kiddsty.com\/product\/maxi-cosi-toucan-torntool-3in1\/#breadcrumb\",\"itemListElement\":[{\"@type\":\"ListItem\",\"position\":1,\"name\":\"Home\",\"item\":\"https:\/\/kiddsty.com\/en\/\"},{\"@type\":\"ListItem\",\"position\":2,\"name\":\"e-Pood\",\"item\":\"https:\/\/kiddsty.com\/shop\/\"},{\"@type\":\"ListItem\",\"position\":3,\"name\":\"Maxi-Cosi Toucan 3in1 Learning Tower\"}]},{\"@type\":\"WebSite\",\"@id\":\"https:\/\/kiddsty.com\/#website\",\"url\":\"https:\/\/kiddsty.com\/\",\"name\":\"Kiddsty\",\"description\":\"\",\"publisher\":{\"@id\":\"https:\/\/kiddsty.com\/#organization\"},\"potentialAction\":[{\"@type\":\"SearchAction\",\"target\":{\"@type\":\"EntryPoint\",\"urlTemplate\":\"https:\/\/kiddsty.com\/?s={search_term_string}\"},\"query-input\":{\"@type\":\"PropertyValueSpecification\",\"valueRequired\":true,\"valueName\":\"search_term_string\"}}],\"inLanguage\":\"en-US\"},{\"@type\":\"Organization\",\"@id\":\"https:\/\/kiddsty.com\/#organization\",\"name\":\"Kiddsty\",\"url\":\"https:\/\/kiddsty.com\/\",\"logo\":{\"@type\":\"ImageObject\",\"inLanguage\":\"en-US\",\"@id\":\"https:\/\/kiddsty.com\/#\/schema\/logo\/image\/\",\"url\":\"https:\/\/kiddsty.com\/wp-content\/uploads\/2024\/03\/kiddsty.svg\",\"contentUrl\":\"https:\/\/kiddsty.com\/wp-content\/uploads\/2024\/03\/kiddsty.svg\",\"width\":111,\"height\":64,\"caption\":\"Kiddsty\"},\"image\":{\"@id\":\"https:\/\/kiddsty.com\/#\/schema\/logo\/image\/\"},\"sameAs\":[\"https:\/\/www.facebook.com\/Kiddstyforkids\",\"https:\/\/www.instagram.com\/kiddsty.ee\/?hl=en\"]}]}<\/script>\n<!-- \/ Yoast SEO plugin. -->","yoast_head_json":{"title":"Maxi-Cosi Toucan 3in1 Learning Tower - Kiddsty","description":"Laske oma lapse iseseisvusel lennata koos Maxi-Cosi Toucaniga, Montessori p\u00f5him\u00f5tetest inspireeritud 3-\u00fches torntooliga, mis annab sinu lapsele v\u00f5imaluse \u00f5ppida avastamise kaudu. Alates k\u00f6\u00f6giabilisest kuni tulevase kunstnikuni \u2013 Toucan'i 3-\u00fches disain avab sinu lapsele l\u00f5putud v\u00f5imalused. Liituge k\u00f6\u00f6gir\u00f5\u00f5mudega torntooli n\u00e4ol, laske nende loovusel lennata integreeritud tahvlil laua ja tooli re\u017eiimis ning vaadake, kuidas nad uute k\u00f5rgusteni j\u00f5uavad astmelaua funktsioonis.","robots":{"index":"index","follow":"follow","max-snippet":"max-snippet:-1","max-image-preview":"max-image-preview:large","max-video-preview":"max-video-preview:-1"},"canonical":"https:\/\/kiddsty.com\/product\/maxi-cosi-toucan-torntool-3in1\/","og_locale":"en_US","og_type":"article","og_title":"Maxi-Cosi Toucan 3in1 Learning Tower - Kiddsty","og_description":"Laske oma lapse iseseisvusel lennata koos Maxi-Cosi Toucaniga, Montessori p\u00f5him\u00f5tetest inspireeritud 3-\u00fches torntooliga, mis annab sinu lapsele v\u00f5imaluse \u00f5ppida avastamise kaudu. Alates k\u00f6\u00f6giabilisest kuni tulevase kunstnikuni \u2013 Toucan'i 3-\u00fches disain avab sinu lapsele l\u00f5putud v\u00f5imalused. Liituge k\u00f6\u00f6gir\u00f5\u00f5mudega torntooli n\u00e4ol, laske nende loovusel lennata integreeritud tahvlil laua ja tooli re\u017eiimis ning vaadake, kuidas nad uute k\u00f5rgusteni j\u00f5uavad astmelaua funktsioonis.","og_url":"https:\/\/kiddsty.com\/product\/maxi-cosi-toucan-torntool-3in1\/","og_site_name":"Kiddsty","article_publisher":"https:\/\/www.facebook.com\/Kiddstyforkids","article_modified_time":"2026-02-05T09:24:18+00:00","og_image":[{"width":800,"height":819,"url":"https:\/\/kiddsty.com\/wp-content\/uploads\/2024\/06\/maxi-cosi_toucan_torntool_3in1_9_-1.jpg","type":"image\/jpeg"}],"twitter_card":"summary_large_image","twitter_misc":{"Est. reading time":"2 minutes"},"schema":{"@context":"https:\/\/schema.org","@graph":[{"@type":"WebPage","@id":"https:\/\/kiddsty.com\/product\/maxi-cosi-toucan-torntool-3in1\/","url":"https:\/\/kiddsty.com\/product\/maxi-cosi-toucan-torntool-3in1\/","name":"Maxi-Cosi Toucan 3in1 Learning Tower - Kiddsty","isPartOf":{"@id":"https:\/\/kiddsty.com\/#website"},"primaryImageOfPage":{"@id":"https:\/\/kiddsty.com\/product\/maxi-cosi-toucan-torntool-3in1\/#primaryimage"},"image":{"@id":"https:\/\/kiddsty.com\/product\/maxi-cosi-toucan-torntool-3in1\/#primaryimage"},"thumbnailUrl":"https:\/\/kiddsty.com\/wp-content\/uploads\/2024\/06\/maxi-cosi_toucan_torntool_3in1_9_-1.jpg","datePublished":"2024-06-02T19:59:19+00:00","dateModified":"2026-02-05T09:24:18+00:00","description":"Laske oma lapse iseseisvusel lennata koos Maxi-Cosi Toucaniga, Montessori p\u00f5him\u00f5tetest inspireeritud 3-\u00fches torntooliga, mis annab sinu lapsele v\u00f5imaluse \u00f5ppida avastamise kaudu. Alates k\u00f6\u00f6giabilisest kuni tulevase kunstnikuni \u2013 Toucan'i 3-\u00fches disain avab sinu lapsele l\u00f5putud v\u00f5imalused. Liituge k\u00f6\u00f6gir\u00f5\u00f5mudega torntooli n\u00e4ol, laske nende loovusel lennata integreeritud tahvlil laua ja tooli re\u017eiimis ning vaadake, kuidas nad uute k\u00f5rgusteni j\u00f5uavad astmelaua funktsioonis.","breadcrumb":{"@id":"https:\/\/kiddsty.com\/product\/maxi-cosi-toucan-torntool-3in1\/#breadcrumb"},"inLanguage":"en-US","potentialAction":[{"@type":"ReadAction","target":["https:\/\/kiddsty.com\/product\/maxi-cosi-toucan-torntool-3in1\/"]}]},{"@type":"ImageObject","inLanguage":"en-US","@id":"https:\/\/kiddsty.com\/product\/maxi-cosi-toucan-torntool-3in1\/#primaryimage","url":"https:\/\/kiddsty.com\/wp-content\/uploads\/2024\/06\/maxi-cosi_toucan_torntool_3in1_9_-1.jpg","contentUrl":"https:\/\/kiddsty.com\/wp-content\/uploads\/2024\/06\/maxi-cosi_toucan_torntool_3in1_9_-1.jpg","width":800,"height":819},{"@type":"BreadcrumbList","@id":"https:\/\/kiddsty.com\/product\/maxi-cosi-toucan-torntool-3in1\/#breadcrumb","itemListElement":[{"@type":"ListItem","position":1,"name":"Home","item":"https:\/\/kiddsty.com\/en\/"},{"@type":"ListItem","position":2,"name":"e-Pood","item":"https:\/\/kiddsty.com\/shop\/"},{"@type":"ListItem","position":3,"name":"Maxi-Cosi Toucan 3in1 Learning Tower"}]},{"@type":"WebSite","@id":"https:\/\/kiddsty.com\/#website","url":"https:\/\/kiddsty.com\/","name":"Kiddsty","description":"","publisher":{"@id":"https:\/\/kiddsty.com\/#organization"},"potentialAction":[{"@type":"SearchAction","target":{"@type":"EntryPoint","urlTemplate":"https:\/\/kiddsty.com\/?s={search_term_string}"},"query-input":{"@type":"PropertyValueSpecification","valueRequired":true,"valueName":"search_term_string"}}],"inLanguage":"en-US"},{"@type":"Organization","@id":"https:\/\/kiddsty.com\/#organization","name":"Kiddsty","url":"https:\/\/kiddsty.com\/","logo":{"@type":"ImageObject","inLanguage":"en-US","@id":"https:\/\/kiddsty.com\/#\/schema\/logo\/image\/","url":"https:\/\/kiddsty.com\/wp-content\/uploads\/2024\/03\/kiddsty.svg","contentUrl":"https:\/\/kiddsty.com\/wp-content\/uploads\/2024\/03\/kiddsty.svg","width":111,"height":64,"caption":"Kiddsty"},"image":{"@id":"https:\/\/kiddsty.com\/#\/schema\/logo\/image\/"},"sameAs":["https:\/\/www.facebook.com\/Kiddstyforkids","https:\/\/www.instagram.com\/kiddsty.ee\/?hl=en"]}]}},"_links":{"self":[{"href":"https:\/\/kiddsty.com\/en\/wp-json\/wp\/v2\/product\/86753","targetHints":{"allow":["GET"]}}],"collection":[{"href":"https:\/\/kiddsty.com\/en\/wp-json\/wp\/v2\/product"}],"about":[{"href":"https:\/\/kiddsty.com\/en\/wp-json\/wp\/v2\/types\/product"}],"wp:featuredmedia":[{"embeddable":true,"href":"https:\/\/kiddsty.com\/en\/wp-json\/wp\/v2\/media\/86762"}],"wp:attachment":[{"href":"https:\/\/kiddsty.com\/en\/wp-json\/wp\/v2\/media?parent=86753"}],"wp:term":[{"taxonomy":"product_brand","embeddable":true,"href":"https:\/\/kiddsty.com\/en\/wp-json\/wp\/v2\/product_brand?post=86753"},{"taxonomy":"product_cat","embeddable":true,"href":"https:\/\/kiddsty.com\/en\/wp-json\/wp\/v2\/product_cat?post=86753"},{"taxonomy":"product_tag","embeddable":true,"href":"https:\/\/kiddsty.com\/en\/wp-json\/wp\/v2\/product_tag?post=86753"},{"taxonomy":"extra_categories","embeddable":true,"href":"https:\/\/kiddsty.com\/en\/wp-json\/wp\/v2\/extra_categories?post=86753"},{"taxonomy":"brand","embeddable":true,"href":"https:\/\/kiddsty.com\/en\/wp-json\/wp\/v2\/brand?post=86753"},{"taxonomy":"age","embeddable":true,"href":"https:\/\/kiddsty.com\/en\/wp-json\/wp\/v2\/age?post=86753"}],"curies":[{"name":"wp","href":"https:\/\/api.w.org\/{rel}","templated":true}]}}