{"id":86988,"date":"2024-03-13T22:28:32","date_gmt":"2024-03-13T22:28:32","guid":{"rendered":"https:\/\/kiddsty.com\/product\/maxi-cosi-soho-jalutuskaru-varvivalik\/"},"modified":"2026-02-05T11:06:19","modified_gmt":"2026-02-05T11:06:19","slug":"maxi-cosi-soho-stroller","status":"publish","type":"product","link":"https:\/\/kiddsty.com\/en\/product\/maxi-cosi-soho-stroller\/","title":{"rendered":"Maxi-Cosi Soho stroller"},"content":{"rendered":"<ul>\n<li class=\"features__list-item\">ultra-compact folding size<\/li>\n<li class=\"features__list-item\">automatic folding system<\/li>\n<li class=\"features__list-item\">self-standing fold<\/li>\n<li class=\"features__list-item\">sliding harness adjustment<\/li>\n<li class=\"features__list-item\">5-point safety harness<\/li>\n<li class=\"features__list-item\">360-degree pivotable bumper bar<\/li>\n<li class=\"features__list-item\">easy one-hand manoeuvrability<\/li>\n<li class=\"features__list-item\">spacious basket (2 kg)<\/li>\n<li class=\"features__list-item\">dirt-free brake pedal<\/li>\n<li class=\"features__list-item\">memory buttons for carrycot adapters, memory buttons for car seat adapters<\/li>\n<li class=\"features__list-item\">spacious seat (seat depth 23 cm, seat part width 26-39 cm, backrest height 54-65 cm)<\/li>\n<li class=\"features__list-item\">reclining seat unit (3 positions)<\/li>\n<li class=\"features__list-item\">lie-flat position, lie-flat ventilation window<\/li>\n<li class=\"features__list-item\">padded seat<\/li>\n<li class=\"features__list-item\">adjustable leg rest<\/li>\n<li class=\"features__list-item\">extendable UPF50+ canopy<\/li>\n<li class=\"features__list-item\">see-through ventilation window, sun visor<\/li>\n<li class=\"features__list-item\">four-wheel suspension<\/li>\n<li class=\"features__list-item\">EcoCare fabrics<\/li>\n<li class=\"features__list-item\">3-in-1 travel system<\/li>\n<li class=\"features__list-item\">large, puncture-proof wheels<\/li>\n<li class=\"features__list-item\">carrycot adapters included, bumper bar included, shopping basket included<\/li>\n<li class=\"features__list-item\">removable cover, washable cover<\/li>\n<li>product weight\u200b\u200b: 8,1 kg<\/li>\n<li>dimensions 88 x 105 x 50 cm (length, height, width)<\/li>\n<li>assembled dimensions 50 x 31 x 58 cm (width, height, length \/ without wheels)<\/li>\n<li>front wheel diameter 18 cm<\/li>\n<li>rear wheel diameter 21 cm.<\/li>\n<li>weight of child\u200b\u200b: up to 22 kg<\/li>\n<\/ul>\n<p>&nbsp;<\/p>\n","protected":false},"excerpt":{"rendered":"<h4>For city-living families, you can zip anywhere and everywhere with the Soho ultra-compact pushchair. With its effortless one-hand, automatic fold, you and your little one can rock the city with style, ease and confidence.<\/h4>","protected":false},"featured_media":52174,"template":"","meta":{"_acf_changed":false,"inline_featured_image":false},"product_brand":[],"product_cat":[496,489],"product_tag":[6725,2425],"extra_categories":[],"brand":[734],"age":[],"class_list":{"0":"post-86988","1":"product","2":"type-product","3":"status-publish","4":"has-post-thumbnail","6":"product_cat-jalutuskarud","7":"product_cat-vankrid","8":"product_tag-maxi-cosi-soho","9":"product_tag-stroller","10":"brand-maxi-cosi","12":"first","13":"instock","14":"taxable","15":"shipping-taxable","16":"purchasable","17":"product-type-variable","18":"add-to-wishlist-before_image"},"acf":[],"yoast_head":"<!-- This site is optimized with the Yoast SEO plugin v27.1.1 - https:\/\/yoast.com\/product\/yoast-seo-wordpress\/ -->\n<title>Maxi-Cosi Soho stroller - Kiddsty<\/title>\n<meta name=\"description\" content=\"\u00dclimalt kompaktne Soho kergk\u00e4ru on ideaalne kaaslane sinu igap\u00e4evasteks linnaseiklusteks.\" \/>\n<meta name=\"robots\" content=\"index, follow, max-snippet:-1, max-image-preview:large, max-video-preview:-1\" \/>\n<link rel=\"canonical\" href=\"https:\/\/kiddsty.com\/en\/product\/maxi-cosi-soho-stroller\/\" \/>\n<meta property=\"og:locale\" content=\"en_US\" \/>\n<meta property=\"og:type\" content=\"article\" \/>\n<meta property=\"og:title\" content=\"Maxi-Cosi Soho stroller - Kiddsty\" \/>\n<meta property=\"og:description\" content=\"\u00dclimalt kompaktne Soho kergk\u00e4ru on ideaalne kaaslane sinu igap\u00e4evasteks linnaseiklusteks.\" \/>\n<meta property=\"og:url\" content=\"https:\/\/kiddsty.com\/en\/product\/maxi-cosi-soho-stroller\/\" \/>\n<meta property=\"og:site_name\" content=\"Kiddsty\" \/>\n<meta property=\"article:publisher\" content=\"https:\/\/www.facebook.com\/Kiddstyforkids\" \/>\n<meta property=\"article:modified_time\" content=\"2026-02-05T11:06:19+00:00\" \/>\n<meta property=\"og:image\" content=\"https:\/\/kiddsty.com\/wp-content\/uploads\/2024\/02\/Maxi-Cosi-Soho-jalutuskaru.jpg\" \/>\n\t<meta property=\"og:image:width\" content=\"768\" \/>\n\t<meta property=\"og:image:height\" content=\"695\" \/>\n\t<meta property=\"og:image:type\" content=\"image\/jpeg\" \/>\n<meta name=\"twitter:card\" content=\"summary_large_image\" \/>\n<meta name=\"twitter:label1\" content=\"Est. reading time\" \/>\n\t<meta name=\"twitter:data1\" content=\"1 minute\" \/>\n<script type=\"application\/ld+json\" class=\"yoast-schema-graph\">{\"@context\":\"https:\/\/schema.org\",\"@graph\":[{\"@type\":\"WebPage\",\"@id\":\"https:\/\/kiddsty.com\/en\/product\/maxi-cosi-soho-stroller\/\",\"url\":\"https:\/\/kiddsty.com\/en\/product\/maxi-cosi-soho-stroller\/\",\"name\":\"Maxi-Cosi Soho stroller - Kiddsty\",\"isPartOf\":{\"@id\":\"https:\/\/kiddsty.com\/#website\"},\"primaryImageOfPage\":{\"@id\":\"https:\/\/kiddsty.com\/en\/product\/maxi-cosi-soho-stroller\/#primaryimage\"},\"image\":{\"@id\":\"https:\/\/kiddsty.com\/en\/product\/maxi-cosi-soho-stroller\/#primaryimage\"},\"thumbnailUrl\":\"https:\/\/kiddsty.com\/wp-content\/uploads\/2024\/02\/Maxi-Cosi-Soho-jalutuskaru.jpg\",\"datePublished\":\"2024-03-13T22:28:32+00:00\",\"dateModified\":\"2026-02-05T11:06:19+00:00\",\"description\":\"\u00dclimalt kompaktne Soho kergk\u00e4ru on ideaalne kaaslane sinu igap\u00e4evasteks linnaseiklusteks.\",\"breadcrumb\":{\"@id\":\"https:\/\/kiddsty.com\/en\/product\/maxi-cosi-soho-stroller\/#breadcrumb\"},\"inLanguage\":\"en-US\",\"potentialAction\":[{\"@type\":\"ReadAction\",\"target\":[\"https:\/\/kiddsty.com\/en\/product\/maxi-cosi-soho-stroller\/\"]}]},{\"@type\":\"ImageObject\",\"inLanguage\":\"en-US\",\"@id\":\"https:\/\/kiddsty.com\/en\/product\/maxi-cosi-soho-stroller\/#primaryimage\",\"url\":\"https:\/\/kiddsty.com\/wp-content\/uploads\/2024\/02\/Maxi-Cosi-Soho-jalutuskaru.jpg\",\"contentUrl\":\"https:\/\/kiddsty.com\/wp-content\/uploads\/2024\/02\/Maxi-Cosi-Soho-jalutuskaru.jpg\",\"width\":768,\"height\":695,\"caption\":\"Maxi-Cosi-Soho-jalutuskaru.jpg\"},{\"@type\":\"BreadcrumbList\",\"@id\":\"https:\/\/kiddsty.com\/en\/product\/maxi-cosi-soho-stroller\/#breadcrumb\",\"itemListElement\":[{\"@type\":\"ListItem\",\"position\":1,\"name\":\"Home\",\"item\":\"https:\/\/kiddsty.com\/en\/\"},{\"@type\":\"ListItem\",\"position\":2,\"name\":\"e-Pood\",\"item\":\"https:\/\/kiddsty.com\/shop\/\"},{\"@type\":\"ListItem\",\"position\":3,\"name\":\"Maxi-Cosi Soho stroller\"}]},{\"@type\":\"WebSite\",\"@id\":\"https:\/\/kiddsty.com\/#website\",\"url\":\"https:\/\/kiddsty.com\/\",\"name\":\"Kiddsty\",\"description\":\"\",\"publisher\":{\"@id\":\"https:\/\/kiddsty.com\/#organization\"},\"potentialAction\":[{\"@type\":\"SearchAction\",\"target\":{\"@type\":\"EntryPoint\",\"urlTemplate\":\"https:\/\/kiddsty.com\/?s={search_term_string}\"},\"query-input\":{\"@type\":\"PropertyValueSpecification\",\"valueRequired\":true,\"valueName\":\"search_term_string\"}}],\"inLanguage\":\"en-US\"},{\"@type\":\"Organization\",\"@id\":\"https:\/\/kiddsty.com\/#organization\",\"name\":\"Kiddsty\",\"url\":\"https:\/\/kiddsty.com\/\",\"logo\":{\"@type\":\"ImageObject\",\"inLanguage\":\"en-US\",\"@id\":\"https:\/\/kiddsty.com\/#\/schema\/logo\/image\/\",\"url\":\"https:\/\/kiddsty.com\/wp-content\/uploads\/2024\/03\/kiddsty.svg\",\"contentUrl\":\"https:\/\/kiddsty.com\/wp-content\/uploads\/2024\/03\/kiddsty.svg\",\"width\":111,\"height\":64,\"caption\":\"Kiddsty\"},\"image\":{\"@id\":\"https:\/\/kiddsty.com\/#\/schema\/logo\/image\/\"},\"sameAs\":[\"https:\/\/www.facebook.com\/Kiddstyforkids\",\"https:\/\/www.instagram.com\/kiddsty.ee\/?hl=en\"]}]}<\/script>\n<!-- \/ Yoast SEO plugin. -->","yoast_head_json":{"title":"Maxi-Cosi Soho stroller - Kiddsty","description":"\u00dclimalt kompaktne Soho kergk\u00e4ru on ideaalne kaaslane sinu igap\u00e4evasteks linnaseiklusteks.","robots":{"index":"index","follow":"follow","max-snippet":"max-snippet:-1","max-image-preview":"max-image-preview:large","max-video-preview":"max-video-preview:-1"},"canonical":"https:\/\/kiddsty.com\/en\/product\/maxi-cosi-soho-stroller\/","og_locale":"en_US","og_type":"article","og_title":"Maxi-Cosi Soho stroller - Kiddsty","og_description":"\u00dclimalt kompaktne Soho kergk\u00e4ru on ideaalne kaaslane sinu igap\u00e4evasteks linnaseiklusteks.","og_url":"https:\/\/kiddsty.com\/en\/product\/maxi-cosi-soho-stroller\/","og_site_name":"Kiddsty","article_publisher":"https:\/\/www.facebook.com\/Kiddstyforkids","article_modified_time":"2026-02-05T11:06:19+00:00","og_image":[{"width":768,"height":695,"url":"https:\/\/kiddsty.com\/wp-content\/uploads\/2024\/02\/Maxi-Cosi-Soho-jalutuskaru.jpg","type":"image\/jpeg"}],"twitter_card":"summary_large_image","twitter_misc":{"Est. reading time":"1 minute"},"schema":{"@context":"https:\/\/schema.org","@graph":[{"@type":"WebPage","@id":"https:\/\/kiddsty.com\/en\/product\/maxi-cosi-soho-stroller\/","url":"https:\/\/kiddsty.com\/en\/product\/maxi-cosi-soho-stroller\/","name":"Maxi-Cosi Soho stroller - Kiddsty","isPartOf":{"@id":"https:\/\/kiddsty.com\/#website"},"primaryImageOfPage":{"@id":"https:\/\/kiddsty.com\/en\/product\/maxi-cosi-soho-stroller\/#primaryimage"},"image":{"@id":"https:\/\/kiddsty.com\/en\/product\/maxi-cosi-soho-stroller\/#primaryimage"},"thumbnailUrl":"https:\/\/kiddsty.com\/wp-content\/uploads\/2024\/02\/Maxi-Cosi-Soho-jalutuskaru.jpg","datePublished":"2024-03-13T22:28:32+00:00","dateModified":"2026-02-05T11:06:19+00:00","description":"\u00dclimalt kompaktne Soho kergk\u00e4ru on ideaalne kaaslane sinu igap\u00e4evasteks linnaseiklusteks.","breadcrumb":{"@id":"https:\/\/kiddsty.com\/en\/product\/maxi-cosi-soho-stroller\/#breadcrumb"},"inLanguage":"en-US","potentialAction":[{"@type":"ReadAction","target":["https:\/\/kiddsty.com\/en\/product\/maxi-cosi-soho-stroller\/"]}]},{"@type":"ImageObject","inLanguage":"en-US","@id":"https:\/\/kiddsty.com\/en\/product\/maxi-cosi-soho-stroller\/#primaryimage","url":"https:\/\/kiddsty.com\/wp-content\/uploads\/2024\/02\/Maxi-Cosi-Soho-jalutuskaru.jpg","contentUrl":"https:\/\/kiddsty.com\/wp-content\/uploads\/2024\/02\/Maxi-Cosi-Soho-jalutuskaru.jpg","width":768,"height":695,"caption":"Maxi-Cosi-Soho-jalutuskaru.jpg"},{"@type":"BreadcrumbList","@id":"https:\/\/kiddsty.com\/en\/product\/maxi-cosi-soho-stroller\/#breadcrumb","itemListElement":[{"@type":"ListItem","position":1,"name":"Home","item":"https:\/\/kiddsty.com\/en\/"},{"@type":"ListItem","position":2,"name":"e-Pood","item":"https:\/\/kiddsty.com\/shop\/"},{"@type":"ListItem","position":3,"name":"Maxi-Cosi Soho stroller"}]},{"@type":"WebSite","@id":"https:\/\/kiddsty.com\/#website","url":"https:\/\/kiddsty.com\/","name":"Kiddsty","description":"","publisher":{"@id":"https:\/\/kiddsty.com\/#organization"},"potentialAction":[{"@type":"SearchAction","target":{"@type":"EntryPoint","urlTemplate":"https:\/\/kiddsty.com\/?s={search_term_string}"},"query-input":{"@type":"PropertyValueSpecification","valueRequired":true,"valueName":"search_term_string"}}],"inLanguage":"en-US"},{"@type":"Organization","@id":"https:\/\/kiddsty.com\/#organization","name":"Kiddsty","url":"https:\/\/kiddsty.com\/","logo":{"@type":"ImageObject","inLanguage":"en-US","@id":"https:\/\/kiddsty.com\/#\/schema\/logo\/image\/","url":"https:\/\/kiddsty.com\/wp-content\/uploads\/2024\/03\/kiddsty.svg","contentUrl":"https:\/\/kiddsty.com\/wp-content\/uploads\/2024\/03\/kiddsty.svg","width":111,"height":64,"caption":"Kiddsty"},"image":{"@id":"https:\/\/kiddsty.com\/#\/schema\/logo\/image\/"},"sameAs":["https:\/\/www.facebook.com\/Kiddstyforkids","https:\/\/www.instagram.com\/kiddsty.ee\/?hl=en"]}]}},"_links":{"self":[{"href":"https:\/\/kiddsty.com\/en\/wp-json\/wp\/v2\/product\/86988","targetHints":{"allow":["GET"]}}],"collection":[{"href":"https:\/\/kiddsty.com\/en\/wp-json\/wp\/v2\/product"}],"about":[{"href":"https:\/\/kiddsty.com\/en\/wp-json\/wp\/v2\/types\/product"}],"wp:featuredmedia":[{"embeddable":true,"href":"https:\/\/kiddsty.com\/en\/wp-json\/wp\/v2\/media\/52174"}],"wp:attachment":[{"href":"https:\/\/kiddsty.com\/en\/wp-json\/wp\/v2\/media?parent=86988"}],"wp:term":[{"taxonomy":"product_brand","embeddable":true,"href":"https:\/\/kiddsty.com\/en\/wp-json\/wp\/v2\/product_brand?post=86988"},{"taxonomy":"product_cat","embeddable":true,"href":"https:\/\/kiddsty.com\/en\/wp-json\/wp\/v2\/product_cat?post=86988"},{"taxonomy":"product_tag","embeddable":true,"href":"https:\/\/kiddsty.com\/en\/wp-json\/wp\/v2\/product_tag?post=86988"},{"taxonomy":"extra_categories","embeddable":true,"href":"https:\/\/kiddsty.com\/en\/wp-json\/wp\/v2\/extra_categories?post=86988"},{"taxonomy":"brand","embeddable":true,"href":"https:\/\/kiddsty.com\/en\/wp-json\/wp\/v2\/brand?post=86988"},{"taxonomy":"age","embeddable":true,"href":"https:\/\/kiddsty.com\/en\/wp-json\/wp\/v2\/age?post=86988"}],"curies":[{"name":"wp","href":"https:\/\/api.w.org\/{rel}","templated":true}]}}