{"id":87381,"date":"2024-03-13T18:27:55","date_gmt":"2024-03-13T18:27:55","guid":{"rendered":"https:\/\/kiddsty.com\/product\/maxi-cosi-soogitool-moa\/"},"modified":"2026-02-06T09:55:48","modified_gmt":"2026-02-06T09:55:48","slug":"maxi-cosi-moa-4-in-1-high-chair","status":"publish","type":"product","link":"https:\/\/kiddsty.com\/en\/product\/maxi-cosi-moa-4-in-1-high-chair\/","title":{"rendered":"Maxi-Cosi Moa 4-in-1 high chair"},"content":{"rendered":"<ul>\n<li>easy to wipe and keep clean: Effortlessly keep Moa clean with its easy-to-wipe design, dishwasher-safe tray and washable harness<\/li>\n<li>easy to assemble and detach: Assemble and detach with ease, thanks to Moa&#8217;s modular design that requires no screws or expertise<\/li>\n<li>lightweight design (5 kg): Moa\u2019s lightweight design allows for easy portability and movement around the family home<\/li>\n<li>3-level adjustable footrest: Customise your little one\u2019s comfort with Moa\u2019s 3-level adjustable footrest<\/li>\n<li>anti-slip rubber feet: Stability isn\u2019t a worry thanks to Moa\u2019s anti-slip rubber feet, providing a secure base for your child during mealtime and play<\/li>\n<li class=\"features__list-item\">5-point harness: Ensure your child&#8217;s safety with Moa&#8217;s 5-point harness, a secure and adjustable restraint system<\/li>\n<li>stylish design: Moa\u2019s stylish design takes a contemporary, minimalist approach and features elegant colourways, making it a pleasant addition to any home<\/li>\n<li>from 6 months up to 5 years: Moa provides a versatile seating solution for your child, growing with them throughout their early years<\/li>\n<li>weight of child\u200b\u200b: 0 &#8211; 25 kg<\/li>\n<li>dimensions: 60.5 x 58 x 85,8 cm (width, depth, height)<\/li>\n<li>the height of the tray from the ground is 75,5 cm<\/li>\n<li>internal dimensions of the seat: 25,5 x 25,5 x 28 cm (width, depth, backrest height)<\/li>\n<li>tray size 50 x 30 cm<\/li>\n<li>included: highchair, highchair frame, highchair seat frame, seat unit, tray, tray insert.<\/li>\n<\/ul>\n<p><iframe loading=\"lazy\" title=\"Maxi-Cosi Moa: Features &amp; Benefits\" width=\"500\" height=\"281\" src=\"https:\/\/www.youtube.com\/embed\/kRSkH3UXYRU?feature=oembed&#038;enablejsapi=1&#038;origin=https:\/\/kiddsty.com\" frameborder=\"0\" allow=\"accelerometer; autoplay; clipboard-write; encrypted-media; gyroscope; picture-in-picture; web-share\" referrerpolicy=\"strict-origin-when-cross-origin\" allowfullscreen><\/iframe><\/p>\n","protected":false},"excerpt":{"rendered":"<h4>Moa is designed with your little one\u2019s comfort in mind. Thanks to its uniquely changeable design, Moa offers 4 different but equally comfortable seating positions. It provides lasting comfort whether it\u2019s being used as a highchair, boost seat, toddler stool or handy desk and seat. The highchair\u2019s easily adjustable footrest and harness ensures your baby\u2019s comfort during every meal.<\/h4>","protected":false},"featured_media":100435,"template":"","meta":{"_acf_changed":false,"inline_featured_image":false},"product_brand":[],"product_cat":[495,491],"product_tag":[2329,6734,1429,1209,632],"extra_categories":[],"brand":[734],"age":[],"class_list":{"0":"post-87381","1":"product","2":"type-product","3":"status-publish","4":"has-post-thumbnail","6":"product_cat-soogitoolid","7":"product_cat-soogiaeg","8":"product_tag-high-chair","9":"product_tag-maxi-cosi-high-chair","10":"product_tag-maxi-cosi-moa","11":"product_tag-maxi-cosi-soogitool","12":"product_tag-soogitool","13":"brand-maxi-cosi","15":"first","16":"instock","17":"taxable","18":"shipping-taxable","19":"purchasable","20":"product-type-variable","21":"add-to-wishlist-before_image"},"acf":[],"yoast_head":"<!-- This site is optimized with the Yoast SEO plugin v27.1.1 - https:\/\/yoast.com\/product\/yoast-seo-wordpress\/ -->\n<title>Maxi-Cosi Moa 4-in-1 high chair - Kiddsty<\/title>\n<meta name=\"description\" content=\"Multifunktsionaalne s\u00f6\u00f6gitool Maxi-Cosi Moa on 8in1 toode, mis v\u00f5imaldab kasutada seda s\u00f6\u00f6gitoolina, istepukina v\u00f5i laud+tool komplektina.\" \/>\n<meta name=\"robots\" content=\"index, follow, max-snippet:-1, max-image-preview:large, max-video-preview:-1\" \/>\n<link rel=\"canonical\" href=\"https:\/\/kiddsty.com\/en\/product\/maxi-cosi-moa-4-in-1-high-chair\/\" \/>\n<meta property=\"og:locale\" content=\"en_US\" \/>\n<meta property=\"og:type\" content=\"article\" \/>\n<meta property=\"og:title\" content=\"Maxi-Cosi Moa 4-in-1 high chair - Kiddsty\" \/>\n<meta property=\"og:description\" content=\"Multifunktsionaalne s\u00f6\u00f6gitool Maxi-Cosi Moa on 8in1 toode, mis v\u00f5imaldab kasutada seda s\u00f6\u00f6gitoolina, istepukina v\u00f5i laud+tool komplektina.\" \/>\n<meta property=\"og:url\" content=\"https:\/\/kiddsty.com\/en\/product\/maxi-cosi-moa-4-in-1-high-chair\/\" \/>\n<meta property=\"og:site_name\" content=\"Kiddsty\" \/>\n<meta property=\"article:publisher\" content=\"https:\/\/www.facebook.com\/Kiddstyforkids\" \/>\n<meta property=\"article:modified_time\" content=\"2026-02-06T09:55:48+00:00\" \/>\n<meta property=\"og:image\" content=\"https:\/\/kiddsty.com\/wp-content\/uploads\/2024\/03\/maxi-cosi_moa_s_gitool-2710044111_beyond_white_1_-1.jpg\" \/>\n\t<meta property=\"og:image:width\" content=\"800\" \/>\n\t<meta property=\"og:image:height\" content=\"695\" \/>\n\t<meta property=\"og:image:type\" content=\"image\/jpeg\" \/>\n<meta name=\"twitter:card\" content=\"summary_large_image\" \/>\n<meta name=\"twitter:label1\" content=\"Est. reading time\" \/>\n\t<meta name=\"twitter:data1\" content=\"2 minutes\" \/>\n<script type=\"application\/ld+json\" class=\"yoast-schema-graph\">{\"@context\":\"https:\/\/schema.org\",\"@graph\":[{\"@type\":\"WebPage\",\"@id\":\"https:\/\/kiddsty.com\/en\/product\/maxi-cosi-moa-4-in-1-high-chair\/\",\"url\":\"https:\/\/kiddsty.com\/en\/product\/maxi-cosi-moa-4-in-1-high-chair\/\",\"name\":\"Maxi-Cosi Moa 4-in-1 high chair - Kiddsty\",\"isPartOf\":{\"@id\":\"https:\/\/kiddsty.com\/#website\"},\"primaryImageOfPage\":{\"@id\":\"https:\/\/kiddsty.com\/en\/product\/maxi-cosi-moa-4-in-1-high-chair\/#primaryimage\"},\"image\":{\"@id\":\"https:\/\/kiddsty.com\/en\/product\/maxi-cosi-moa-4-in-1-high-chair\/#primaryimage\"},\"thumbnailUrl\":\"https:\/\/kiddsty.com\/wp-content\/uploads\/2024\/03\/maxi-cosi_moa_s_gitool-2710044111_beyond_white_1_-1.jpg\",\"datePublished\":\"2024-03-13T18:27:55+00:00\",\"dateModified\":\"2026-02-06T09:55:48+00:00\",\"description\":\"Multifunktsionaalne s\u00f6\u00f6gitool Maxi-Cosi Moa on 8in1 toode, mis v\u00f5imaldab kasutada seda s\u00f6\u00f6gitoolina, istepukina v\u00f5i laud+tool komplektina.\",\"breadcrumb\":{\"@id\":\"https:\/\/kiddsty.com\/en\/product\/maxi-cosi-moa-4-in-1-high-chair\/#breadcrumb\"},\"inLanguage\":\"en-US\",\"potentialAction\":[{\"@type\":\"ReadAction\",\"target\":[\"https:\/\/kiddsty.com\/en\/product\/maxi-cosi-moa-4-in-1-high-chair\/\"]}]},{\"@type\":\"ImageObject\",\"inLanguage\":\"en-US\",\"@id\":\"https:\/\/kiddsty.com\/en\/product\/maxi-cosi-moa-4-in-1-high-chair\/#primaryimage\",\"url\":\"https:\/\/kiddsty.com\/wp-content\/uploads\/2024\/03\/maxi-cosi_moa_s_gitool-2710044111_beyond_white_1_-1.jpg\",\"contentUrl\":\"https:\/\/kiddsty.com\/wp-content\/uploads\/2024\/03\/maxi-cosi_moa_s_gitool-2710044111_beyond_white_1_-1.jpg\",\"width\":800,\"height\":695,\"caption\":\"maxi-cosi_moa_s_gitool-2710044111_beyond_white_1_\"},{\"@type\":\"BreadcrumbList\",\"@id\":\"https:\/\/kiddsty.com\/en\/product\/maxi-cosi-moa-4-in-1-high-chair\/#breadcrumb\",\"itemListElement\":[{\"@type\":\"ListItem\",\"position\":1,\"name\":\"Home\",\"item\":\"https:\/\/kiddsty.com\/en\/\"},{\"@type\":\"ListItem\",\"position\":2,\"name\":\"e-Pood\",\"item\":\"https:\/\/kiddsty.com\/shop\/\"},{\"@type\":\"ListItem\",\"position\":3,\"name\":\"Maxi-Cosi Moa 4-in-1 high chair\"}]},{\"@type\":\"WebSite\",\"@id\":\"https:\/\/kiddsty.com\/#website\",\"url\":\"https:\/\/kiddsty.com\/\",\"name\":\"Kiddsty\",\"description\":\"\",\"publisher\":{\"@id\":\"https:\/\/kiddsty.com\/#organization\"},\"potentialAction\":[{\"@type\":\"SearchAction\",\"target\":{\"@type\":\"EntryPoint\",\"urlTemplate\":\"https:\/\/kiddsty.com\/?s={search_term_string}\"},\"query-input\":{\"@type\":\"PropertyValueSpecification\",\"valueRequired\":true,\"valueName\":\"search_term_string\"}}],\"inLanguage\":\"en-US\"},{\"@type\":\"Organization\",\"@id\":\"https:\/\/kiddsty.com\/#organization\",\"name\":\"Kiddsty\",\"url\":\"https:\/\/kiddsty.com\/\",\"logo\":{\"@type\":\"ImageObject\",\"inLanguage\":\"en-US\",\"@id\":\"https:\/\/kiddsty.com\/#\/schema\/logo\/image\/\",\"url\":\"https:\/\/kiddsty.com\/wp-content\/uploads\/2024\/03\/kiddsty.svg\",\"contentUrl\":\"https:\/\/kiddsty.com\/wp-content\/uploads\/2024\/03\/kiddsty.svg\",\"width\":111,\"height\":64,\"caption\":\"Kiddsty\"},\"image\":{\"@id\":\"https:\/\/kiddsty.com\/#\/schema\/logo\/image\/\"},\"sameAs\":[\"https:\/\/www.facebook.com\/Kiddstyforkids\",\"https:\/\/www.instagram.com\/kiddsty.ee\/?hl=en\"]}]}<\/script>\n<!-- \/ Yoast SEO plugin. -->","yoast_head_json":{"title":"Maxi-Cosi Moa 4-in-1 high chair - Kiddsty","description":"Multifunktsionaalne s\u00f6\u00f6gitool Maxi-Cosi Moa on 8in1 toode, mis v\u00f5imaldab kasutada seda s\u00f6\u00f6gitoolina, istepukina v\u00f5i laud+tool komplektina.","robots":{"index":"index","follow":"follow","max-snippet":"max-snippet:-1","max-image-preview":"max-image-preview:large","max-video-preview":"max-video-preview:-1"},"canonical":"https:\/\/kiddsty.com\/en\/product\/maxi-cosi-moa-4-in-1-high-chair\/","og_locale":"en_US","og_type":"article","og_title":"Maxi-Cosi Moa 4-in-1 high chair - Kiddsty","og_description":"Multifunktsionaalne s\u00f6\u00f6gitool Maxi-Cosi Moa on 8in1 toode, mis v\u00f5imaldab kasutada seda s\u00f6\u00f6gitoolina, istepukina v\u00f5i laud+tool komplektina.","og_url":"https:\/\/kiddsty.com\/en\/product\/maxi-cosi-moa-4-in-1-high-chair\/","og_site_name":"Kiddsty","article_publisher":"https:\/\/www.facebook.com\/Kiddstyforkids","article_modified_time":"2026-02-06T09:55:48+00:00","og_image":[{"width":800,"height":695,"url":"https:\/\/kiddsty.com\/wp-content\/uploads\/2024\/03\/maxi-cosi_moa_s_gitool-2710044111_beyond_white_1_-1.jpg","type":"image\/jpeg"}],"twitter_card":"summary_large_image","twitter_misc":{"Est. reading time":"2 minutes"},"schema":{"@context":"https:\/\/schema.org","@graph":[{"@type":"WebPage","@id":"https:\/\/kiddsty.com\/en\/product\/maxi-cosi-moa-4-in-1-high-chair\/","url":"https:\/\/kiddsty.com\/en\/product\/maxi-cosi-moa-4-in-1-high-chair\/","name":"Maxi-Cosi Moa 4-in-1 high chair - Kiddsty","isPartOf":{"@id":"https:\/\/kiddsty.com\/#website"},"primaryImageOfPage":{"@id":"https:\/\/kiddsty.com\/en\/product\/maxi-cosi-moa-4-in-1-high-chair\/#primaryimage"},"image":{"@id":"https:\/\/kiddsty.com\/en\/product\/maxi-cosi-moa-4-in-1-high-chair\/#primaryimage"},"thumbnailUrl":"https:\/\/kiddsty.com\/wp-content\/uploads\/2024\/03\/maxi-cosi_moa_s_gitool-2710044111_beyond_white_1_-1.jpg","datePublished":"2024-03-13T18:27:55+00:00","dateModified":"2026-02-06T09:55:48+00:00","description":"Multifunktsionaalne s\u00f6\u00f6gitool Maxi-Cosi Moa on 8in1 toode, mis v\u00f5imaldab kasutada seda s\u00f6\u00f6gitoolina, istepukina v\u00f5i laud+tool komplektina.","breadcrumb":{"@id":"https:\/\/kiddsty.com\/en\/product\/maxi-cosi-moa-4-in-1-high-chair\/#breadcrumb"},"inLanguage":"en-US","potentialAction":[{"@type":"ReadAction","target":["https:\/\/kiddsty.com\/en\/product\/maxi-cosi-moa-4-in-1-high-chair\/"]}]},{"@type":"ImageObject","inLanguage":"en-US","@id":"https:\/\/kiddsty.com\/en\/product\/maxi-cosi-moa-4-in-1-high-chair\/#primaryimage","url":"https:\/\/kiddsty.com\/wp-content\/uploads\/2024\/03\/maxi-cosi_moa_s_gitool-2710044111_beyond_white_1_-1.jpg","contentUrl":"https:\/\/kiddsty.com\/wp-content\/uploads\/2024\/03\/maxi-cosi_moa_s_gitool-2710044111_beyond_white_1_-1.jpg","width":800,"height":695,"caption":"maxi-cosi_moa_s_gitool-2710044111_beyond_white_1_"},{"@type":"BreadcrumbList","@id":"https:\/\/kiddsty.com\/en\/product\/maxi-cosi-moa-4-in-1-high-chair\/#breadcrumb","itemListElement":[{"@type":"ListItem","position":1,"name":"Home","item":"https:\/\/kiddsty.com\/en\/"},{"@type":"ListItem","position":2,"name":"e-Pood","item":"https:\/\/kiddsty.com\/shop\/"},{"@type":"ListItem","position":3,"name":"Maxi-Cosi Moa 4-in-1 high chair"}]},{"@type":"WebSite","@id":"https:\/\/kiddsty.com\/#website","url":"https:\/\/kiddsty.com\/","name":"Kiddsty","description":"","publisher":{"@id":"https:\/\/kiddsty.com\/#organization"},"potentialAction":[{"@type":"SearchAction","target":{"@type":"EntryPoint","urlTemplate":"https:\/\/kiddsty.com\/?s={search_term_string}"},"query-input":{"@type":"PropertyValueSpecification","valueRequired":true,"valueName":"search_term_string"}}],"inLanguage":"en-US"},{"@type":"Organization","@id":"https:\/\/kiddsty.com\/#organization","name":"Kiddsty","url":"https:\/\/kiddsty.com\/","logo":{"@type":"ImageObject","inLanguage":"en-US","@id":"https:\/\/kiddsty.com\/#\/schema\/logo\/image\/","url":"https:\/\/kiddsty.com\/wp-content\/uploads\/2024\/03\/kiddsty.svg","contentUrl":"https:\/\/kiddsty.com\/wp-content\/uploads\/2024\/03\/kiddsty.svg","width":111,"height":64,"caption":"Kiddsty"},"image":{"@id":"https:\/\/kiddsty.com\/#\/schema\/logo\/image\/"},"sameAs":["https:\/\/www.facebook.com\/Kiddstyforkids","https:\/\/www.instagram.com\/kiddsty.ee\/?hl=en"]}]}},"_links":{"self":[{"href":"https:\/\/kiddsty.com\/en\/wp-json\/wp\/v2\/product\/87381","targetHints":{"allow":["GET"]}}],"collection":[{"href":"https:\/\/kiddsty.com\/en\/wp-json\/wp\/v2\/product"}],"about":[{"href":"https:\/\/kiddsty.com\/en\/wp-json\/wp\/v2\/types\/product"}],"wp:featuredmedia":[{"embeddable":true,"href":"https:\/\/kiddsty.com\/en\/wp-json\/wp\/v2\/media\/100435"}],"wp:attachment":[{"href":"https:\/\/kiddsty.com\/en\/wp-json\/wp\/v2\/media?parent=87381"}],"wp:term":[{"taxonomy":"product_brand","embeddable":true,"href":"https:\/\/kiddsty.com\/en\/wp-json\/wp\/v2\/product_brand?post=87381"},{"taxonomy":"product_cat","embeddable":true,"href":"https:\/\/kiddsty.com\/en\/wp-json\/wp\/v2\/product_cat?post=87381"},{"taxonomy":"product_tag","embeddable":true,"href":"https:\/\/kiddsty.com\/en\/wp-json\/wp\/v2\/product_tag?post=87381"},{"taxonomy":"extra_categories","embeddable":true,"href":"https:\/\/kiddsty.com\/en\/wp-json\/wp\/v2\/extra_categories?post=87381"},{"taxonomy":"brand","embeddable":true,"href":"https:\/\/kiddsty.com\/en\/wp-json\/wp\/v2\/brand?post=87381"},{"taxonomy":"age","embeddable":true,"href":"https:\/\/kiddsty.com\/en\/wp-json\/wp\/v2\/age?post=87381"}],"curies":[{"name":"wp","href":"https:\/\/api.w.org\/{rel}","templated":true}]}}